{"id":794,"date":"2018-08-30T18:54:40","date_gmt":"2018-08-30T21:54:40","guid":{"rendered":"https:\/\/ensrparaguay-for.infd.edu.ar\/sitio\/plan-de-estudios\/"},"modified":"2018-12-10T20:25:44","modified_gmt":"2018-12-10T23:25:44","slug":"plan-de-estudios","status":"publish","type":"page","link":"https:\/\/ensrparaguay-for.infd.edu.ar\/sitio\/plan-de-estudios\/","title":{"rendered":"Plan de estudios"},"content":{"rendered":"<h3 style=\"text-align: center;\"><span style=\"color: #008000;\">Profesorado de Educaci\u00f3n Primaria\u00a0<\/span><\/h3>\n<h3 style=\"text-align: center;\"><span style=\"color: #008000;\"> Dise\u00f1o Curricular Jurisdiccional 2.014<\/span><\/h3>\n<p>Primer a\u00f1o:<\/p>\n<table style=\"height: 790px;\" width=\"586\">\n<tbody>\n<tr>\n<td width=\"265\">Unidad Curricular<\/td>\n<td width=\"136\">Campo de Formaci\u00f3n<\/td>\n<td width=\"132\">R\u00e9gimen de cursada<\/td>\n<\/tr>\n<tr>\n<td width=\"265\"><\/td>\n<td width=\"136\"><\/td>\n<td width=\"132\"><\/td>\n<\/tr>\n<tr>\n<td width=\"265\">Ciencias Naturales I (Qu\u00edmica)<\/td>\n<td width=\"136\">Espec\u00edfica<\/td>\n<td width=\"132\">Cuatr.: 1<sup>er<\/sup> C.<\/td>\n<\/tr>\n<tr>\n<td width=\"265\">Ciencias Sociales I (Historia)<\/td>\n<td width=\"136\">Espec\u00edfica<\/td>\n<td width=\"132\">Cuatr.: 2\u00ba C.<\/td>\n<\/tr>\n<tr>\n<td width=\"265\">Filosof\u00eda<\/td>\n<td width=\"136\">General<\/td>\n<td width=\"132\">Anual<\/td>\n<\/tr>\n<tr>\n<td width=\"265\">Introducci\u00f3n a las TIC<\/td>\n<td width=\"136\">General<\/td>\n<td width=\"132\">Anual<\/td>\n<\/tr>\n<tr>\n<td width=\"265\">Lectura y Escritura Acad\u00e9mica<\/td>\n<td width=\"136\">General<\/td>\n<td width=\"132\">Anual<\/td>\n<\/tr>\n<tr>\n<td width=\"265\">Lengua y Literatura<\/td>\n<td width=\"136\">Espec\u00edfica<\/td>\n<td width=\"132\">Anual<\/td>\n<\/tr>\n<tr>\n<td width=\"265\">Matem\u00e1tica<\/td>\n<td width=\"136\">Espec\u00edfica<\/td>\n<td width=\"132\">Anual<\/td>\n<\/tr>\n<tr>\n<td width=\"265\">Pedagog\u00eda<\/td>\n<td width=\"136\">General<\/td>\n<td width=\"132\">Anual<\/td>\n<\/tr>\n<tr>\n<td width=\"265\">Pr\u00e1ctica Docente I<\/td>\n<td width=\"136\">Pr\u00e1ctica Profesional<\/td>\n<td width=\"132\">Anual<\/td>\n<\/tr>\n<\/tbody>\n<\/table>\n<p>&nbsp;<\/p>\n<p>Segundo a\u00f1o:<\/p>\n<p>&nbsp;<\/p>\n<table width=\"529\">\n<tbody>\n<tr>\n<td width=\"264\">Unidad Curricular<\/td>\n<td width=\"135\">Campo de Formaci\u00f3n<\/td>\n<td width=\"130\">R\u00e9gimen de cursada<\/td>\n<\/tr>\n<tr>\n<td width=\"264\"><\/td>\n<td width=\"135\"><\/td>\n<td width=\"130\"><\/td>\n<\/tr>\n<tr>\n<td width=\"264\">Alfabetizaci\u00f3n<\/td>\n<td width=\"135\">Espec\u00edfica<\/td>\n<td width=\"130\">Cuatr.: 1<sup>er<\/sup> C.<\/td>\n<\/tr>\n<tr>\n<td width=\"264\">Ciencias Naturales II (Biolog\u00eda)<\/td>\n<td width=\"135\">Espec\u00edfica<\/td>\n<td width=\"130\">Cuatr.: 1<sup>er<\/sup> C.<\/td>\n<\/tr>\n<tr>\n<td width=\"264\">Ciencias Sociales II (Geograf\u00eda)<\/td>\n<td width=\"135\">Espec\u00edfica<\/td>\n<td width=\"130\">Cuatr.: 2\u00ba C.<\/td>\n<\/tr>\n<tr>\n<td width=\"264\">Did\u00e1ctica General<\/td>\n<td width=\"135\">General<\/td>\n<td width=\"130\">Anual<\/td>\n<\/tr>\n<tr>\n<td width=\"264\">Historia y Pol\u00edtica de la Educaci\u00f3n Argentina<\/td>\n<td width=\"135\">General<\/td>\n<td width=\"130\">Anual<\/td>\n<\/tr>\n<tr>\n<td width=\"264\">Literatura Infantil<\/td>\n<td width=\"135\">Espec\u00edfica<\/td>\n<td width=\"130\">Anual<\/td>\n<\/tr>\n<tr>\n<td width=\"264\">Pr\u00e1ctica Docente II<\/td>\n<td width=\"135\">Pr\u00e1ctica Profesional<\/td>\n<td width=\"130\">Anual<\/td>\n<\/tr>\n<tr>\n<td width=\"264\">Problem\u00e1tica Contempor\u00e1nea de la Educaci\u00f3n Primaria<\/td>\n<td width=\"135\">Espec\u00edfica<\/td>\n<td width=\"130\">Cuatr.: 2\u00ba C.<\/td>\n<\/tr>\n<tr>\n<td width=\"264\">Psicolog\u00eda Educacional<\/td>\n<td width=\"135\">General<\/td>\n<td width=\"130\">Cuatr.: 1<sup>er<\/sup> C.<\/td>\n<\/tr>\n<tr>\n<td width=\"264\">Sociolog\u00eda de la Educaci\u00f3n<\/td>\n<td width=\"135\">General<\/td>\n<td width=\"130\">Cuatr.: 2\u00ba C.<\/td>\n<\/tr>\n<tr>\n<td width=\"264\">Sujeto de la Educaci\u00f3n Primaria<\/td>\n<td width=\"135\">Espec\u00edfica<\/td>\n<td width=\"130\">Anual<\/td>\n<\/tr>\n<\/tbody>\n<\/table>\n<p>&nbsp;<\/p>\n<p>Tercer a\u00f1o:<\/p>\n<p>&nbsp;<\/p>\n<table width=\"535\">\n<tbody>\n<tr>\n<td width=\"266\">Unidad Curricular<\/td>\n<td width=\"142\">Campo de Formaci\u00f3n<\/td>\n<td width=\"127\">R\u00e9gimen de cursada<\/td>\n<\/tr>\n<tr>\n<td width=\"266\"><\/td>\n<td width=\"142\"><\/td>\n<td width=\"127\"><\/td>\n<\/tr>\n<tr>\n<td width=\"266\">An\u00e1lisis de la Realidad Sociocultural de Formosa<\/td>\n<td width=\"142\">General<\/td>\n<td width=\"127\">Anual<\/td>\n<\/tr>\n<tr>\n<td width=\"266\">Definici\u00f3n Institucional<\/td>\n<td width=\"142\">General<\/td>\n<td width=\"127\">Cuatr.: 2\u00ba C.<\/td>\n<\/tr>\n<tr>\n<td width=\"266\">Did\u00e1ctica de las Ciencias Naturales<\/td>\n<td width=\"142\">Espec\u00edfica<\/td>\n<td width=\"127\">Anual<\/td>\n<\/tr>\n<tr>\n<td width=\"266\">Did\u00e1ctica de las Ciencias Sociales<\/td>\n<td width=\"142\">Espec\u00edfica<\/td>\n<td width=\"127\">Anual<\/td>\n<\/tr>\n<tr>\n<td width=\"266\">Did\u00e1ctica de la Lengua<\/td>\n<td width=\"142\">Espec\u00edfica<\/td>\n<td width=\"127\">Anual<\/td>\n<\/tr>\n<tr>\n<td width=\"266\">Did\u00e1ctica de la Matem\u00e1tica<\/td>\n<td width=\"142\">Espec\u00edfica<\/td>\n<td width=\"127\">Anual<\/td>\n<\/tr>\n<tr>\n<td width=\"266\">Educaci\u00f3n Sexual Integral<\/td>\n<td width=\"142\">General<\/td>\n<td width=\"127\">Cuatr.: 1<sup>er<\/sup> C.<\/td>\n<\/tr>\n<tr>\n<td width=\"266\">Pr\u00e1ctica Docente III<\/td>\n<td width=\"142\">Pr\u00e1ctica Profesional<\/td>\n<td width=\"127\">Anual<\/td>\n<\/tr>\n<\/tbody>\n<\/table>\n<p>&nbsp;<\/p>\n<p>Cuarto a\u00f1o:<\/p>\n<p>&nbsp;<\/p>\n<table width=\"538\">\n<tbody>\n<tr>\n<td width=\"267\">Unidad Curricular<\/td>\n<td width=\"142\">Campo de Formaci\u00f3n<\/td>\n<td width=\"129\">R\u00e9gimen de cursada<\/td>\n<\/tr>\n<tr>\n<td width=\"267\"><\/td>\n<td width=\"142\"><\/td>\n<td width=\"129\"><\/td>\n<\/tr>\n<tr>\n<td width=\"267\">Definici\u00f3n Institucional<\/td>\n<td width=\"142\">Espec\u00edfica<\/td>\n<td width=\"129\">Cuatr.: 2\u00ba C.<\/td>\n<\/tr>\n<tr>\n<td width=\"267\">Educaci\u00f3n F\u00edsica<\/td>\n<td width=\"142\">Espec\u00edfica<\/td>\n<td width=\"129\">Cuatr.: 1<sup>er<\/sup> C.<\/td>\n<\/tr>\n<tr>\n<td width=\"267\">\u00c9tica y Formaci\u00f3n Ciudadana<\/td>\n<td width=\"142\">General<\/td>\n<td width=\"129\">Cuatr.: 2\u00ba C.<\/td>\n<\/tr>\n<tr>\n<td width=\"267\">Gesti\u00f3n Escolar: Organizaci\u00f3n y Administraci\u00f3n<\/td>\n<td width=\"142\">General<\/td>\n<td width=\"129\">Cuatr.: 1<sup>er<\/sup> C.<\/td>\n<\/tr>\n<tr>\n<td width=\"267\">Ingl\u00e9s<\/td>\n<td width=\"142\">General<\/td>\n<td width=\"129\">Cuatr.: 2\u00ba C.<\/td>\n<\/tr>\n<tr>\n<td width=\"267\">Lenguajes Danza &#8211; Teatro<\/td>\n<td width=\"142\">Espec\u00edfica<\/td>\n<td width=\"129\">Cuatr.: 1<sup>er<\/sup> C.<\/td>\n<\/tr>\n<tr>\n<td width=\"267\">Lenguajes M\u00fasica y Artes Visuales<\/td>\n<td width=\"142\">Espec\u00edfica<\/td>\n<td width=\"129\">Cuatr.: 1<sup>er<\/sup> C.<\/td>\n<\/tr>\n<tr>\n<td width=\"267\">Necesidades Educativas Especiales<\/td>\n<td width=\"142\">Espec\u00edfica<\/td>\n<td width=\"129\">Cuatr.: 2\u00ba C.<\/td>\n<\/tr>\n<tr>\n<td width=\"267\">Pr\u00e1ctica Docente IV y Residencia Profesional<\/td>\n<td width=\"142\">Pr\u00e1ctica Profesional<\/td>\n<td width=\"129\">Anual<\/td>\n<\/tr>\n<\/tbody>\n<\/table>\n<h3 style=\"text-align: center;\"><span style=\"color: #008000;\">Profesorado de Educaci\u00f3n Secundaria en Lengua y Literatura\u00a0<\/span><\/h3>\n<h3 style=\"text-align: center;\"><span style=\"color: #008000;\"> Dise\u00f1o Curricular Jurisdiccional 2.013<\/span><\/h3>\n<p>Primer a\u00f1o:<\/p>\n<table>\n<tbody>\n<tr>\n<td width=\"253\">Unidad Curricular<\/td>\n<td width=\"169\">Campo de Formaci\u00f3n<\/td>\n<td width=\"95\">R\u00e9gimen de cursada<\/td>\n<\/tr>\n<tr>\n<td width=\"253\"><\/td>\n<td width=\"169\"><\/td>\n<td width=\"95\"><\/td>\n<\/tr>\n<tr>\n<td width=\"253\">Filosof\u00eda<\/td>\n<td width=\"169\">General<\/td>\n<td width=\"95\">Anual<\/td>\n<\/tr>\n<tr>\n<td width=\"253\">Gram\u00e1tica I<\/td>\n<td width=\"169\">Espec\u00edfica<\/td>\n<td width=\"95\">Cuatr.: 2\u00ba C.<\/td>\n<\/tr>\n<tr>\n<td width=\"253\">Introducci\u00f3n a las TIC<\/td>\n<td width=\"169\">General<\/td>\n<td width=\"95\">Cuatr.: 2\u00ba C.<\/td>\n<\/tr>\n<tr>\n<td width=\"253\">Lengua y Cultura Cl\u00e1sica<\/td>\n<td width=\"169\">Espec\u00edfica<\/td>\n<td width=\"95\">Cuatr.: 1<sup>er<\/sup> C.<\/td>\n<\/tr>\n<tr>\n<td width=\"253\">Lectura y Escritura Acad\u00e9mica<\/td>\n<td width=\"169\">General<\/td>\n<td width=\"95\">Anual<\/td>\n<\/tr>\n<tr>\n<td width=\"253\">Ling\u00fc\u00edstica I<\/td>\n<td width=\"169\">Espec\u00edfica<\/td>\n<td width=\"95\">Cuatr.: 1<sup>er<\/sup> C.<\/td>\n<\/tr>\n<tr>\n<td width=\"253\">Literatura Espa\u00f1ola<\/td>\n<td width=\"169\">Espec\u00edfica<\/td>\n<td width=\"95\">Cuatr.: 2\u00ba C.<\/td>\n<\/tr>\n<tr>\n<td width=\"253\">Pedagog\u00eda<\/td>\n<td width=\"169\">General<\/td>\n<td width=\"95\">Cuatr.: 1<sup>er<\/sup> C.<\/td>\n<\/tr>\n<tr>\n<td width=\"253\">Pr\u00e1ctica Docente I<\/td>\n<td width=\"169\">Pr\u00e1ctica Profesional<\/td>\n<td width=\"95\">Anual<\/td>\n<\/tr>\n<tr>\n<td width=\"253\">Teor\u00eda Literaria I<\/td>\n<td width=\"169\">Espec\u00edfica<\/td>\n<td width=\"95\">Anual<\/td>\n<\/tr>\n<\/tbody>\n<\/table>\n<p>&nbsp;<\/p>\n<p>Segundo a\u00f1o:<\/p>\n<p>&nbsp;<\/p>\n<table>\n<tbody>\n<tr>\n<td width=\"261\">Unidad Curricular<\/td>\n<td width=\"170\">Campo de Formaci\u00f3n<\/td>\n<td width=\"94\">R\u00e9gimen de cursada<\/td>\n<\/tr>\n<tr>\n<td width=\"261\"><\/td>\n<td width=\"170\"><\/td>\n<td width=\"94\"><\/td>\n<\/tr>\n<tr>\n<td width=\"261\">Did\u00e1ctica General<\/td>\n<td width=\"170\">General<\/td>\n<td width=\"94\">Anual<\/td>\n<\/tr>\n<tr>\n<td width=\"261\">Gram\u00e1tica II<\/td>\n<td width=\"170\">Espec\u00edfica<\/td>\n<td width=\"94\">Anual<\/td>\n<\/tr>\n<tr>\n<td width=\"261\">Historia y Pol\u00edtica de la Educaci\u00f3n Argentina<\/td>\n<td width=\"170\">General<\/td>\n<td width=\"94\">Anual<\/td>\n<\/tr>\n<tr>\n<td width=\"261\">Ling\u00fc\u00edstica Textual<\/td>\n<td width=\"170\">Espec\u00edfica<\/td>\n<td width=\"94\">Cuatr.: 1<sup>er<\/sup> C.<\/td>\n<\/tr>\n<tr>\n<td width=\"261\">Literatura Latinoamericana<\/td>\n<td width=\"170\">Espec\u00edfica<\/td>\n<td width=\"94\">Anual<\/td>\n<\/tr>\n<tr>\n<td width=\"261\">Pr\u00e1ctica Docente II<\/td>\n<td width=\"170\">Pr\u00e1ctica Profesional<\/td>\n<td width=\"94\">Anual<\/td>\n<\/tr>\n<tr>\n<td width=\"261\">Psicoling\u00fc\u00edstica<\/td>\n<td width=\"170\">Espec\u00edfica<\/td>\n<td width=\"94\">Cuatr.: 2\u00ba C.<\/td>\n<\/tr>\n<tr>\n<td width=\"261\">Psicolog\u00eda Educacional<\/td>\n<td width=\"170\">General<\/td>\n<td width=\"94\">Cuatr.: 1<sup>er<\/sup> C.<\/td>\n<\/tr>\n<tr>\n<td width=\"261\">Sociolog\u00eda de la Educaci\u00f3n<\/td>\n<td width=\"170\">General<\/td>\n<td width=\"94\">Cuatr.: 2\u00ba C.<\/td>\n<\/tr>\n<tr>\n<td width=\"261\">Sujeto de la Educaci\u00f3n Secundaria<\/td>\n<td width=\"170\">Espec\u00edfica<\/td>\n<td width=\"94\">Anual<\/td>\n<\/tr>\n<\/tbody>\n<\/table>\n<p>Tercer a\u00f1o:<\/p>\n<table width=\"524\">\n<tbody>\n<tr>\n<td width=\"260\">Unidad Curricular<\/td>\n<td width=\"170\">Campo de Formaci\u00f3n<\/td>\n<td width=\"95\">R\u00e9gimen de cursada<\/td>\n<\/tr>\n<tr>\n<td width=\"260\">An\u00e1lisis de la Realidad Sociocultural de Formosa<\/td>\n<td width=\"170\">General<\/td>\n<td width=\"95\">Anual<\/td>\n<\/tr>\n<tr>\n<td width=\"260\">An\u00e1lisis del Discurso<\/td>\n<td width=\"170\">Espec\u00edfica<\/td>\n<td width=\"95\">Cuatr.: 2\u00ba C.<\/td>\n<\/tr>\n<tr>\n<td width=\"260\">Definici\u00f3n Institucional<\/td>\n<td width=\"170\">General<\/td>\n<td width=\"95\">Cuatr.: 2\u00ba C.<\/td>\n<\/tr>\n<tr>\n<td width=\"260\">Did\u00e1ctica de la Lengua y la Literatura I<\/td>\n<td width=\"170\">Espec\u00edfica<\/td>\n<td width=\"95\">Anual<\/td>\n<\/tr>\n<tr>\n<td width=\"260\">Educaci\u00f3n Sexual Integral<\/td>\n<td width=\"170\">General<\/td>\n<td width=\"95\">Cuatr.: 1<sup>er<\/sup> C.<\/td>\n<\/tr>\n<tr>\n<td width=\"260\">Historia de la Lengua<\/td>\n<td width=\"170\">Espec\u00edfica<\/td>\n<td width=\"95\">Cuatr.: 2\u00ba C.<\/td>\n<\/tr>\n<tr>\n<td width=\"260\">Literatura Argentina I<\/td>\n<td width=\"170\">Espec\u00edfica<\/td>\n<td width=\"95\">Anual<\/td>\n<\/tr>\n<tr>\n<td width=\"260\">Literatura Extranjera I<\/td>\n<td width=\"170\">Espec\u00edfica<\/td>\n<td width=\"95\">Cuatr.: 1<sup>er<\/sup> C.<\/td>\n<\/tr>\n<tr>\n<td width=\"260\">Pr\u00e1ctica Docente III<\/td>\n<td width=\"170\">Pr\u00e1ctica Profesional<\/td>\n<td width=\"95\">Anual<\/td>\n<\/tr>\n<tr>\n<td width=\"260\">Pragm\u00e1tica y Enunciaci\u00f3n<\/td>\n<td width=\"170\">Espec\u00edfica<\/td>\n<td width=\"95\">Cuatr.: 1<sup>er<\/sup> C.<\/td>\n<\/tr>\n<\/tbody>\n<\/table>\n<p>Cuarto a\u00f1o:<\/p>\n<table width=\"528\">\n<tbody>\n<tr>\n<td width=\"262\">Unidad Curricular<\/td>\n<td width=\"173\">Campo de Formaci\u00f3n<\/td>\n<td width=\"92\">R\u00e9gimen de cursada<\/td>\n<\/tr>\n<tr>\n<td width=\"262\">Definici\u00f3n Institucional<\/td>\n<td width=\"173\">Espec\u00edfica<\/td>\n<td width=\"92\">Cuatr.: 2\u00ba C.<\/td>\n<\/tr>\n<tr>\n<td width=\"262\">Did\u00e1ctica de la Lengua y la Literatura II<\/td>\n<td width=\"173\">Espec\u00edfica<\/td>\n<td width=\"92\">Anual<\/td>\n<\/tr>\n<tr>\n<td width=\"262\">\u00c9tica y Formaci\u00f3n Ciudadana<\/td>\n<td width=\"173\">General<\/td>\n<td width=\"92\">Cuatr.: 2\u00ba C.<\/td>\n<\/tr>\n<tr>\n<td width=\"262\">Gesti\u00f3n Escolar: Organizaci\u00f3n y Administraci\u00f3n<\/td>\n<td width=\"173\">General<\/td>\n<td width=\"92\">Cuatr.: 1<sup>er<\/sup> C.<\/td>\n<\/tr>\n<tr>\n<td width=\"262\">Literatura Argentina II<\/td>\n<td width=\"173\">Espec\u00edfica<\/td>\n<td width=\"92\">Cuatr.: 2\u00ba C.<\/td>\n<\/tr>\n<tr>\n<td width=\"262\">Pr\u00e1ctica y Residencia IV<\/td>\n<td width=\"173\">Pr\u00e1ctica Profesional<\/td>\n<td width=\"92\">Anual<\/td>\n<\/tr>\n<tr>\n<td width=\"262\">Semi\u00f3tica<\/td>\n<td width=\"173\">Espec\u00edfica<\/td>\n<td width=\"92\">Cuatr.: 1<sup>er<\/sup> C.<\/td>\n<\/tr>\n<tr>\n<td width=\"262\">Socioling\u00fc\u00edstica<\/td>\n<td width=\"173\">Espec\u00edfica<\/td>\n<td width=\"92\">Cuatr.: 1<sup>er<\/sup> C.<\/td>\n<\/tr>\n<\/tbody>\n<\/table>\n<p>&nbsp;<\/p>\n<p>&nbsp;<\/p>\n<table class=\"MsoNormalTable\" style=\"width: 374.4pt; border-collapse: collapse; mso-border-alt: solid windowtext .5pt; mso-yfti-tbllook: 480; mso-padding-alt: 0cm 5.4pt 0cm 5.4pt; mso-border-insideh: .5pt solid windowtext; mso-border-insidev: .5pt solid windowtext;\" border=\"1\" width=\"499\" cellspacing=\"0\" cellpadding=\"0\">\n<tbody>\n<tr style=\"mso-yfti-irow: 9; mso-yfti-lastrow: yes;\">\n<td style=\"border-right: windowtext 1pt solid; border-top: #f0f0f0; border-left: #f0f0f0; width: 171pt; border-bottom: windowtext 1pt solid; background-color: transparent; mso-border-alt: solid windowtext .5pt; mso-border-left-alt: solid windowtext .5pt; mso-border-top-alt: solid windowtext .5pt; padding: 0cm 5.4pt 0cm 5.4pt;\" valign=\"top\" width=\"228\"><\/td>\n<\/tr>\n<\/tbody>\n<\/table>\n","protected":false},"excerpt":{"rendered":"<p>Profesorado de Educaci\u00f3n Primaria\u00a0 Dise\u00f1o Curricular Jurisdiccional 2.014 Primer a\u00f1o: Unidad Curricular Campo de Formaci\u00f3n R\u00e9gimen de cursada Ciencias Naturales I (Qu\u00edmica) Espec\u00edfica Cuatr.: 1er C. Ciencias Sociales I (Historia) Espec\u00edfica Cuatr.: 2\u00ba C. Filosof\u00eda General Anual Introducci\u00f3n a las TIC General Anual Lectura y Escritura Acad\u00e9mica General Anual Lengua y Literatura Espec\u00edfica Anual Matem\u00e1tica &#8230; <a title=\"Plan de estudios\" class=\"read-more\" href=\"https:\/\/ensrparaguay-for.infd.edu.ar\/sitio\/plan-de-estudios\/\" aria-label=\"More on Plan de estudios\">[+]<\/a><\/p>\n","protected":false},"author":378,"featured_media":0,"parent":0,"menu_order":0,"comment_status":"closed","ping_status":"closed","template":"","meta":[],"acf":[],"_links":{"self":[{"href":"https:\/\/ensrparaguay-for.infd.edu.ar\/sitio\/wp-json\/wp\/v2\/pages\/794"}],"collection":[{"href":"https:\/\/ensrparaguay-for.infd.edu.ar\/sitio\/wp-json\/wp\/v2\/pages"}],"about":[{"href":"https:\/\/ensrparaguay-for.infd.edu.ar\/sitio\/wp-json\/wp\/v2\/types\/page"}],"author":[{"embeddable":true,"href":"https:\/\/ensrparaguay-for.infd.edu.ar\/sitio\/wp-json\/wp\/v2\/users\/378"}],"replies":[{"embeddable":true,"href":"https:\/\/ensrparaguay-for.infd.edu.ar\/sitio\/wp-json\/wp\/v2\/comments?post=794"}],"version-history":[{"count":4,"href":"https:\/\/ensrparaguay-for.infd.edu.ar\/sitio\/wp-json\/wp\/v2\/pages\/794\/revisions"}],"predecessor-version":[{"id":836,"href":"https:\/\/ensrparaguay-for.infd.edu.ar\/sitio\/wp-json\/wp\/v2\/pages\/794\/revisions\/836"}],"wp:attachment":[{"href":"https:\/\/ensrparaguay-for.infd.edu.ar\/sitio\/wp-json\/wp\/v2\/media?parent=794"}],"curies":[{"name":"wp","href":"https:\/\/api.w.org\/{rel}","templated":true}]}}