{"id":796,"date":"2018-08-30T18:54:41","date_gmt":"2018-08-30T21:54:41","guid":{"rendered":"https:\/\/ensrparaguay-for.infd.edu.ar\/sitio\/autoridades\/"},"modified":"2018-12-10T19:13:03","modified_gmt":"2018-12-10T22:13:03","slug":"autoridades","status":"publish","type":"page","link":"https:\/\/ensrparaguay-for.infd.edu.ar\/sitio\/autoridades\/","title":{"rendered":"Autoridades"},"content":{"rendered":"<h1 style=\"text-align: center;\"><strong><span style=\"font-family: arial, helvetica, sans-serif; font-size: 10pt; color: #0000ff;\"><span style=\"text-decoration: underline;\">RECTORA:<\/span> <\/span><\/strong><br \/>\n<strong><span style=\"font-family: arial, helvetica, sans-serif; font-size: 10pt; color: #0000ff;\">Licenciada Estela Del Carmen D\u00edaz<\/span><\/strong><\/h1>\n<p style=\"text-align: center;\"><strong><span style=\"font-family: arial, helvetica, sans-serif; color: #0000ff; font-size: 10pt;\"><span style=\"text-decoration: underline;\">NIVEL SUPERIOR: <\/span><\/span><\/strong><\/p>\n<p style=\"text-align: center;\"><strong><span style=\"color: #0000ff;\"><span style=\"font-family: arial, helvetica, sans-serif; font-size: 10pt;\">Regente: Profesora Mar\u00edn Rosa In\u00e9s\u00a0<\/span><span style=\"font-family: arial,helvetica,sans-serif; font-size: 10pt;\">\u00a0<\/span><\/span><\/strong><\/p>\n<p style=\"text-align: center;\"><strong><span style=\"font-family: arial, helvetica, sans-serif; color: #0000ff; font-size: 10pt;\"><span style=\"text-decoration: underline;\">\u00a0NIVEL SECUNDARIO: <\/span><\/span><\/strong><br \/>\n<strong><span style=\"font-family: arial, helvetica, sans-serif; color: #0000ff; font-size: 10pt;\">Regente: Profesora Norma Zarza<\/span><\/strong><br \/>\n<strong><span style=\"font-family: arial, helvetica, sans-serif; color: #0000ff; font-size: 10pt;\">Subregente: Profesora Elizabeth Bogar\u00edn<\/span><\/strong><\/p>\n<p style=\"text-align: center;\"><strong><span style=\"font-family: arial, helvetica, sans-serif; font-size: 10pt; color: #0000ff;\">\u00a0<\/span><\/strong><br \/>\n<strong><span style=\"font-family: arial, helvetica, sans-serif; color: #0000ff; font-size: 10pt;\"><span style=\"text-decoration: underline;\">DEPARTAMENTO DE APLICACI\u00d3N NIVEL PRIMARIO:<\/span><\/span><\/strong><br \/>\n<strong><span style=\"font-family: arial, helvetica, sans-serif; color: #0000ff; font-size: 10pt;\">Regente: Profesora Mabel Silva<\/span><\/strong><br \/>\n<strong><span style=\"font-family: arial, helvetica, sans-serif; color: #0000ff; font-size: 10pt;\">Subregente: Profesora\u00a0 Miriam Coene<\/span><\/strong><\/p>\n<h1 style=\"text-align: center;\"><strong><span style=\"font-family: arial, helvetica, sans-serif; color: #0000ff; font-size: 10pt;\">\u00a0<span style=\"text-decoration: underline;\">NIVEL INICIAL<\/span> <\/span><\/strong><br \/>\n<strong><span style=\"font-family: arial, helvetica, sans-serif; color: #0000ff; font-size: 10pt;\">Regente: Profesora Sandra Demolis<\/span><\/strong><\/h1>\n<p style=\"text-align: center;\"><span style=\"font-family: arial,helvetica,sans-serif; font-size: 10pt;\">\u00a0<\/span><\/p>\n","protected":false},"excerpt":{"rendered":"<p>RECTORA: Licenciada Estela Del Carmen D\u00edaz NIVEL SUPERIOR: Regente: Profesora Mar\u00edn Rosa In\u00e9s\u00a0\u00a0 \u00a0NIVEL SECUNDARIO: Regente: Profesora Norma Zarza Subregente: Profesora Elizabeth Bogar\u00edn \u00a0 DEPARTAMENTO DE APLICACI\u00d3N NIVEL PRIMARIO: Regente: Profesora Mabel Silva Subregente: Profesora\u00a0 Miriam Coene \u00a0NIVEL INICIAL Regente: Profesora Sandra Demolis \u00a0<\/p>\n","protected":false},"author":378,"featured_media":0,"parent":0,"menu_order":0,"comment_status":"closed","ping_status":"closed","template":"","meta":[],"acf":[],"_links":{"self":[{"href":"https:\/\/ensrparaguay-for.infd.edu.ar\/sitio\/wp-json\/wp\/v2\/pages\/796"}],"collection":[{"href":"https:\/\/ensrparaguay-for.infd.edu.ar\/sitio\/wp-json\/wp\/v2\/pages"}],"about":[{"href":"https:\/\/ensrparaguay-for.infd.edu.ar\/sitio\/wp-json\/wp\/v2\/types\/page"}],"author":[{"embeddable":true,"href":"https:\/\/ensrparaguay-for.infd.edu.ar\/sitio\/wp-json\/wp\/v2\/users\/378"}],"replies":[{"embeddable":true,"href":"https:\/\/ensrparaguay-for.infd.edu.ar\/sitio\/wp-json\/wp\/v2\/comments?post=796"}],"version-history":[{"count":3,"href":"https:\/\/ensrparaguay-for.infd.edu.ar\/sitio\/wp-json\/wp\/v2\/pages\/796\/revisions"}],"predecessor-version":[{"id":828,"href":"https:\/\/ensrparaguay-for.infd.edu.ar\/sitio\/wp-json\/wp\/v2\/pages\/796\/revisions\/828"}],"wp:attachment":[{"href":"https:\/\/ensrparaguay-for.infd.edu.ar\/sitio\/wp-json\/wp\/v2\/media?parent=796"}],"curies":[{"name":"wp","href":"https:\/\/api.w.org\/{rel}","templated":true}]}}